{"id":12,"date":"2017-12-11T08:22:06","date_gmt":"2017-12-11T07:22:06","guid":{"rendered":"http:\/\/wuerzburger-fussballschule.de\/neu\/?page_id=12"},"modified":"2024-10-30T11:35:30","modified_gmt":"2024-10-30T10:35:30","slug":"allgemeine-geschaeftsbedingungen","status":"publish","type":"page","link":"http:\/\/wuerzburger-fussballschule.de\/neu\/allgemeine-geschaeftsbedingungen\/","title":{"rendered":"Allgemeine Gesch\u00e4ftsbedingungen"},"content":{"rendered":"<p><strong>Anmeldung<\/strong><br \/>\nSobald die vollst\u00e4ndig ausgef\u00fcllte und unterschriebene Anmeldung bei der W\u00fcrzburger Fu\u00dfballschule Michael Hochrein eingegangen ist, erhalten Sie eine Teilnahmebest\u00e4tigung (per Fax, Post oder E-Mail) die gleichzeitig eine Rechnung ist. Die Teilnehmerzahl ist begrenzt, sollten sich mehr Teilnehmer anmelden, ist das Eingangsdatum entscheidend. Die Anmeldegeb\u00fchr ist daraufhin innerhalb von 14 Tagen auf das in der Teilnahmebest\u00e4tigung angegebene Konto zu \u00fcberweisen. Mit Eingang des Betrags wird der Teilnahmeplatz fest gesichert. Sollte keine Zahlung in dem Zeitrahmen erfolgen, erlischt das Recht auf die Teilnahmeplatzreservierung. Mit der Anmeldung erkl\u00e4rt sich der Erziehungsberechtigte dazu bereit, dass die Fu\u00dfballschule Michael Hochrein Fotos oder Videoaufnahmen des angemeldeten Teilnehmers, die im Rahmen der Veranstaltung gemacht werden, unbeschr\u00e4nkt f\u00fcr die \u00d6ffentlichkeitsarbeit in allen Medien, auch in bearbeiteter Form, honorarfrei verwenden darf.<\/p>\n<p><strong>Verschiebung\/Absage<\/strong><br \/>\nDie Fu\u00dfballschule Michael Hochrein beh\u00e4lt sich das Recht vor die Veranstaltung bei Vorliegen von besonderen Gr\u00fcnden zu verschieben oder abzusagen. Bereits entrichtete Teilnahmebetr\u00e4ge werden unverz\u00fcglich von der Fu\u00dfballschule Michael Hochrein zur\u00fcck \u00fcberwiesen.<\/p>\n<p><strong>Haftung<\/strong><br \/>\nWegen wetter- oder sonstig bedingter Ausf\u00e4lle der angebotenen Leistungen oder mangelnder M\u00f6glichkeit zur Teilnahme durch die Kursteilnehmer wegen Krankheit, Urlaub oder sonstigen Gr\u00fcnden \u00fcbernimmt die Michael Hochrein Fu\u00dfballschule keine Haftung. Grunds\u00e4tzlich besteht kein Anspruch auf R\u00fcckzahlung oder Ersatz von ausgefallenen Trainingsstunden.<\/p>\n<p><strong>R\u00fccktritt<\/strong><br \/>\nSollte uns Ihrerseits eine Stornierung vorliegen, wird eine Bearbeitungsgeb\u00fchr von 40 Euro erhoben. Bei R\u00fccktritt innerhalb 6 Wochen sind 20%, bei R\u00fccktritt innerhalb 4 Wochen sind 30% und innerhalb der letzten zwei Wochen vor Veranstaltungsbeginn sind 50% der Teilnahmegeb\u00fchr zu zahlen. Bei R\u00fccktritt innerhalb der letzten 7 Tage vor Veranstaltungsbeginn erlischt das Recht auf R\u00fcckerstattung. Mit der Absage des Teilnehmers sind alle Anspr\u00fcche an den Veranstalter erloschen.<\/p>\n<p><strong>Erkl\u00e4rung der\/des Erziehungsberechtigten<\/strong><br \/>\nDie Eltern \/ Erziehungsberechtigten verpflichten sich, eventuelle k\u00f6rperliche Beeintr\u00e4chtigungen, sportliche Einschr\u00e4nkungen oder Medikamenteneinnahmen der Teilnehmer\/in im Vorfeld schriftlich der Fu\u00dfballschule Michael Hochrein mitzuteilen. Weiterhin ist den Eltern \/ Erziehungsberechtigten bekannt, dass Verletzungen oder Erkrankungen w\u00e4hrend der Trainingstage sowie der Weg zum\/vom Training durch die jeweilige Versicherung eines Erziehungsberechtigten abgesichert sein muss. Sofern der \/ die Teilnehmer\/in den Anordnungen der Veranstaltungsleitung wiederholt nicht Folge leistet oder sich grober Verst\u00f6\u00dfe \u2013 etwa gegen die Hausordnung oder bei permanenten St\u00f6rungen des Ablaufs \u2013 schuldig macht, kann dies einen Ausschluss von der Veranstaltung nach sich ziehen. In diesem Falle werden die Eltern \/ Erziehungsberechtigten benachrichtigt und m\u00fcssen den \/ die Teilnehmer\/in von der Veranstaltung abholen. Ein Anspruch auf Teil-R\u00fcckzahlung der Teilnahmegeb\u00fchr besteht nicht.<\/p>\n<p>Mit Anmeldung und Teilnahmebest\u00e4tigung werden diese Allgemeinen Gesch\u00e4ftsbedingungen anerkannt.<\/p>\n","protected":false},"excerpt":{"rendered":"<p>Anmeldung Sobald die vollst\u00e4ndig ausgef\u00fcllte und unterschriebene Anmeldung bei der W\u00fcrzburger Fu\u00dfballschule Michael Hochrein eingegangen ist, erhalten Sie eine Teilnahmebest\u00e4tigung (per Fax, Post oder E-Mail) die gleichzeitig eine Rechnung ist. Die Teilnehmerzahl ist begrenzt, sollten sich mehr Teilnehmer anmelden, ist &hellip; <\/p>\n","protected":false},"author":1,"featured_media":0,"parent":0,"menu_order":0,"comment_status":"closed","ping_status":"closed","template":"","meta":{"footnotes":""},"class_list":["post-12","page","type-page","status-publish","hentry"],"yoast_head":"<!-- This site is optimized with the Yoast SEO plugin v27.4 - https:\/\/yoast.com\/product\/yoast-seo-wordpress\/ -->\n<title>Allgemeine Gesch\u00e4ftsbedingungen - W\u00fcrzburger Fussballschule Michael Hochrein<\/title>\n<meta name=\"robots\" content=\"index, follow, max-snippet:-1, max-image-preview:large, max-video-preview:-1\" \/>\n<link rel=\"canonical\" href=\"https:\/\/wuerzburger-fussballschule.de\/neu\/allgemeine-geschaeftsbedingungen\/\" \/>\n<meta property=\"og:locale\" content=\"de_DE\" \/>\n<meta property=\"og:type\" content=\"article\" \/>\n<meta property=\"og:title\" content=\"Allgemeine Gesch\u00e4ftsbedingungen - W\u00fcrzburger Fussballschule Michael Hochrein\" \/>\n<meta property=\"og:description\" content=\"Anmeldung Sobald die vollst\u00e4ndig ausgef\u00fcllte und unterschriebene Anmeldung bei der W\u00fcrzburger Fu\u00dfballschule Michael Hochrein eingegangen ist, erhalten Sie eine Teilnahmebest\u00e4tigung (per Fax, Post oder E-Mail) die gleichzeitig eine Rechnung ist. Die Teilnehmerzahl ist begrenzt, sollten sich mehr Teilnehmer anmelden, ist &hellip;\" \/>\n<meta property=\"og:url\" content=\"https:\/\/wuerzburger-fussballschule.de\/neu\/allgemeine-geschaeftsbedingungen\/\" \/>\n<meta property=\"og:site_name\" content=\"W\u00fcrzburger Fussballschule Michael Hochrein\" \/>\n<meta property=\"article:modified_time\" content=\"2024-10-30T10:35:30+00:00\" \/>\n<meta name=\"twitter:card\" content=\"summary_large_image\" \/>\n<meta name=\"twitter:label1\" content=\"Gesch\u00e4tzte Lesezeit\" \/>\n\t<meta name=\"twitter:data1\" content=\"3\u00a0Minuten\" \/>\n<script type=\"application\/ld+json\" class=\"yoast-schema-graph\">{\"@context\":\"https:\\\/\\\/schema.org\",\"@graph\":[{\"@type\":\"WebPage\",\"@id\":\"https:\\\/\\\/wuerzburger-fussballschule.de\\\/neu\\\/allgemeine-geschaeftsbedingungen\\\/\",\"url\":\"https:\\\/\\\/wuerzburger-fussballschule.de\\\/neu\\\/allgemeine-geschaeftsbedingungen\\\/\",\"name\":\"Allgemeine Gesch\u00e4ftsbedingungen - W\u00fcrzburger Fussballschule Michael Hochrein\",\"isPartOf\":{\"@id\":\"https:\\\/\\\/wuerzburger-fussballschule.de\\\/neu\\\/#website\"},\"datePublished\":\"2017-12-11T07:22:06+00:00\",\"dateModified\":\"2024-10-30T10:35:30+00:00\",\"breadcrumb\":{\"@id\":\"https:\\\/\\\/wuerzburger-fussballschule.de\\\/neu\\\/allgemeine-geschaeftsbedingungen\\\/#breadcrumb\"},\"inLanguage\":\"de\",\"potentialAction\":[{\"@type\":\"ReadAction\",\"target\":[\"https:\\\/\\\/wuerzburger-fussballschule.de\\\/neu\\\/allgemeine-geschaeftsbedingungen\\\/\"]}]},{\"@type\":\"BreadcrumbList\",\"@id\":\"https:\\\/\\\/wuerzburger-fussballschule.de\\\/neu\\\/allgemeine-geschaeftsbedingungen\\\/#breadcrumb\",\"itemListElement\":[{\"@type\":\"ListItem\",\"position\":1,\"name\":\"Startseite\",\"item\":\"https:\\\/\\\/wuerzburger-fussballschule.de\\\/neu\\\/\"},{\"@type\":\"ListItem\",\"position\":2,\"name\":\"Allgemeine Gesch\u00e4ftsbedingungen\"}]},{\"@type\":\"WebSite\",\"@id\":\"https:\\\/\\\/wuerzburger-fussballschule.de\\\/neu\\\/#website\",\"url\":\"https:\\\/\\\/wuerzburger-fussballschule.de\\\/neu\\\/\",\"name\":\"W\u00fcrzburger Fussballschule Michael Hochrein\",\"description\":\"Die Fussballschule von Michael Hochrein\",\"publisher\":{\"@id\":\"https:\\\/\\\/wuerzburger-fussballschule.de\\\/neu\\\/#organization\"},\"potentialAction\":[{\"@type\":\"SearchAction\",\"target\":{\"@type\":\"EntryPoint\",\"urlTemplate\":\"https:\\\/\\\/wuerzburger-fussballschule.de\\\/neu\\\/?s={search_term_string}\"},\"query-input\":{\"@type\":\"PropertyValueSpecification\",\"valueRequired\":true,\"valueName\":\"search_term_string\"}}],\"inLanguage\":\"de\"},{\"@type\":\"Organization\",\"@id\":\"https:\\\/\\\/wuerzburger-fussballschule.de\\\/neu\\\/#organization\",\"name\":\"W\u00fcrzburger Fussballschule Michael Hochrein\",\"url\":\"https:\\\/\\\/wuerzburger-fussballschule.de\\\/neu\\\/\",\"logo\":{\"@type\":\"ImageObject\",\"inLanguage\":\"de\",\"@id\":\"https:\\\/\\\/wuerzburger-fussballschule.de\\\/neu\\\/#\\\/schema\\\/logo\\\/image\\\/\",\"url\":\"http:\\\/\\\/wuerzburger-fussballschule.de\\\/neu\\\/wp-content\\\/uploads\\\/2017\\\/12\\\/logo_wuerzburgerFussballschule_MichaelHochrein.png\",\"contentUrl\":\"http:\\\/\\\/wuerzburger-fussballschule.de\\\/neu\\\/wp-content\\\/uploads\\\/2017\\\/12\\\/logo_wuerzburgerFussballschule_MichaelHochrein.png\",\"width\":512,\"height\":150,\"caption\":\"W\u00fcrzburger Fussballschule Michael Hochrein\"},\"image\":{\"@id\":\"https:\\\/\\\/wuerzburger-fussballschule.de\\\/neu\\\/#\\\/schema\\\/logo\\\/image\\\/\"}}]}<\/script>\n<!-- \/ Yoast SEO plugin. -->","yoast_head_json":{"title":"Allgemeine Gesch\u00e4ftsbedingungen - W\u00fcrzburger Fussballschule Michael Hochrein","robots":{"index":"index","follow":"follow","max-snippet":"max-snippet:-1","max-image-preview":"max-image-preview:large","max-video-preview":"max-video-preview:-1"},"canonical":"https:\/\/wuerzburger-fussballschule.de\/neu\/allgemeine-geschaeftsbedingungen\/","og_locale":"de_DE","og_type":"article","og_title":"Allgemeine Gesch\u00e4ftsbedingungen - W\u00fcrzburger Fussballschule Michael Hochrein","og_description":"Anmeldung Sobald die vollst\u00e4ndig ausgef\u00fcllte und unterschriebene Anmeldung bei der W\u00fcrzburger Fu\u00dfballschule Michael Hochrein eingegangen ist, erhalten Sie eine Teilnahmebest\u00e4tigung (per Fax, Post oder E-Mail) die gleichzeitig eine Rechnung ist. Die Teilnehmerzahl ist begrenzt, sollten sich mehr Teilnehmer anmelden, ist &hellip;","og_url":"https:\/\/wuerzburger-fussballschule.de\/neu\/allgemeine-geschaeftsbedingungen\/","og_site_name":"W\u00fcrzburger Fussballschule Michael Hochrein","article_modified_time":"2024-10-30T10:35:30+00:00","twitter_card":"summary_large_image","twitter_misc":{"Gesch\u00e4tzte Lesezeit":"3\u00a0Minuten"},"schema":{"@context":"https:\/\/schema.org","@graph":[{"@type":"WebPage","@id":"https:\/\/wuerzburger-fussballschule.de\/neu\/allgemeine-geschaeftsbedingungen\/","url":"https:\/\/wuerzburger-fussballschule.de\/neu\/allgemeine-geschaeftsbedingungen\/","name":"Allgemeine Gesch\u00e4ftsbedingungen - W\u00fcrzburger Fussballschule Michael Hochrein","isPartOf":{"@id":"https:\/\/wuerzburger-fussballschule.de\/neu\/#website"},"datePublished":"2017-12-11T07:22:06+00:00","dateModified":"2024-10-30T10:35:30+00:00","breadcrumb":{"@id":"https:\/\/wuerzburger-fussballschule.de\/neu\/allgemeine-geschaeftsbedingungen\/#breadcrumb"},"inLanguage":"de","potentialAction":[{"@type":"ReadAction","target":["https:\/\/wuerzburger-fussballschule.de\/neu\/allgemeine-geschaeftsbedingungen\/"]}]},{"@type":"BreadcrumbList","@id":"https:\/\/wuerzburger-fussballschule.de\/neu\/allgemeine-geschaeftsbedingungen\/#breadcrumb","itemListElement":[{"@type":"ListItem","position":1,"name":"Startseite","item":"https:\/\/wuerzburger-fussballschule.de\/neu\/"},{"@type":"ListItem","position":2,"name":"Allgemeine Gesch\u00e4ftsbedingungen"}]},{"@type":"WebSite","@id":"https:\/\/wuerzburger-fussballschule.de\/neu\/#website","url":"https:\/\/wuerzburger-fussballschule.de\/neu\/","name":"W\u00fcrzburger Fussballschule Michael Hochrein","description":"Die Fussballschule von Michael Hochrein","publisher":{"@id":"https:\/\/wuerzburger-fussballschule.de\/neu\/#organization"},"potentialAction":[{"@type":"SearchAction","target":{"@type":"EntryPoint","urlTemplate":"https:\/\/wuerzburger-fussballschule.de\/neu\/?s={search_term_string}"},"query-input":{"@type":"PropertyValueSpecification","valueRequired":true,"valueName":"search_term_string"}}],"inLanguage":"de"},{"@type":"Organization","@id":"https:\/\/wuerzburger-fussballschule.de\/neu\/#organization","name":"W\u00fcrzburger Fussballschule Michael Hochrein","url":"https:\/\/wuerzburger-fussballschule.de\/neu\/","logo":{"@type":"ImageObject","inLanguage":"de","@id":"https:\/\/wuerzburger-fussballschule.de\/neu\/#\/schema\/logo\/image\/","url":"http:\/\/wuerzburger-fussballschule.de\/neu\/wp-content\/uploads\/2017\/12\/logo_wuerzburgerFussballschule_MichaelHochrein.png","contentUrl":"http:\/\/wuerzburger-fussballschule.de\/neu\/wp-content\/uploads\/2017\/12\/logo_wuerzburgerFussballschule_MichaelHochrein.png","width":512,"height":150,"caption":"W\u00fcrzburger Fussballschule Michael Hochrein"},"image":{"@id":"https:\/\/wuerzburger-fussballschule.de\/neu\/#\/schema\/logo\/image\/"}}]}},"_links":{"self":[{"href":"http:\/\/wuerzburger-fussballschule.de\/neu\/wp-json\/wp\/v2\/pages\/12","targetHints":{"allow":["GET"]}}],"collection":[{"href":"http:\/\/wuerzburger-fussballschule.de\/neu\/wp-json\/wp\/v2\/pages"}],"about":[{"href":"http:\/\/wuerzburger-fussballschule.de\/neu\/wp-json\/wp\/v2\/types\/page"}],"author":[{"embeddable":true,"href":"http:\/\/wuerzburger-fussballschule.de\/neu\/wp-json\/wp\/v2\/users\/1"}],"replies":[{"embeddable":true,"href":"http:\/\/wuerzburger-fussballschule.de\/neu\/wp-json\/wp\/v2\/comments?post=12"}],"version-history":[{"count":6,"href":"http:\/\/wuerzburger-fussballschule.de\/neu\/wp-json\/wp\/v2\/pages\/12\/revisions"}],"predecessor-version":[{"id":19616,"href":"http:\/\/wuerzburger-fussballschule.de\/neu\/wp-json\/wp\/v2\/pages\/12\/revisions\/19616"}],"wp:attachment":[{"href":"http:\/\/wuerzburger-fussballschule.de\/neu\/wp-json\/wp\/v2\/media?parent=12"}],"curies":[{"name":"wp","href":"https:\/\/api.w.org\/{rel}","templated":true}]}}